{"id":3108,"date":"2022-02-03T19:53:47","date_gmt":"2022-02-03T22:53:47","guid":{"rendered":"https:\/\/galiano.cl\/?post_type=product&#038;p=3108"},"modified":"2022-02-03T20:14:34","modified_gmt":"2022-02-03T23:14:34","slug":"bloque-de-lijado-sin-polvo-3m-hookit-05216-115-mm-x-225-mm-3-caja","status":"publish","type":"product","link":"https:\/\/galiano.cl\/?product=bloque-de-lijado-sin-polvo-3m-hookit-05216-115-mm-x-225-mm-3-caja","title":{"rendered":"Bloque de Lijado sin Polvo 3M\u2122 Hookit\u2122, 05216, 115 mm x 225 mm, 3\/Caja"},"content":{"rendered":"<div class=\"MMM--hdg MMM--hdg_2 SNAPS--hdg_2 MMM--tabHeader\">Especificaciones<\/div>\n<div class=\"tabContentContainer MMM--contentToggle-target MMM--isActive\">\n<div class=\"productSpecs\">\n<table class=\"MMM--dat MMM--pdpTabVr SNAPS--SpecTbl-Mt15\">\n<tbody>\n<tr class=\"MMM--dat-row\">\n<td>\n<div class=\"MMM--dat-cell SNAPS-specAdjust\"><span class=\"MMM--txt_bold\">Ancho Total (M\u00e9trico)<\/span><\/div>\n<\/td>\n<td>\n<div class=\"MMM--dat-cell dat-cell_specDefinition SNAPS-specAdjust SNAPS--SpecTbl-RowCols SNAPS--SpecTbl-Overflow\"><span class=\"MMM--txt_bold\">115 mm<\/span><\/div>\n<\/td>\n<\/tr>\n<tr class=\"MMM--dat-row\">\n<td>\n<div class=\"MMM--dat-cell SNAPS-specAdjust\"><span class=\"MMM--txt_bold\">Longitud total (M\u00e9trica)<\/span><\/div>\n<\/td>\n<td>\n<div class=\"MMM--dat-cell dat-cell_specDefinition SNAPS-specAdjust SNAPS--SpecTbl-RowCols SNAPS--SpecTbl-Overflow\"><span class=\"MMM--txt_bold\">225 mm<\/span><\/div>\n<\/td>\n<\/tr>\n<tr class=\"MMM--dat-row\">\n<td>\n<div class=\"MMM--dat-cell SNAPS-specAdjust\"><span class=\"MMM--txt_bold\">Marca<\/span><\/div>\n<\/td>\n<td>\n<div class=\"MMM--dat-cell dat-cell_specDefinition SNAPS-specAdjust SNAPS--SpecTbl-RowCols SNAPS--SpecTbl-Overflow\"><span class=\"MMM--txt_bold\">Hookit\u2122<\/span><\/div>\n<\/td>\n<\/tr>\n<tr class=\"MMM--dat-row\">\n<td>\n<div class=\"MMM--dat-cell SNAPS-specAdjust\"><span class=\"MMM--txt_bold\">Soporte de Vac\u00edo<\/span><\/div>\n<\/td>\n<td>\n<div class=\"MMM--dat-cell dat-cell_specDefinition SNAPS-specAdjust SNAPS--SpecTbl-RowCols SNAPS--SpecTbl-Overflow\"><span class=\"MMM--txt_bold\">Si<\/span><\/div>\n<\/td>\n<\/tr>\n<tr class=\"MMM--dat-row\">\n<td>\n<div class=\"MMM--dat-cell SNAPS-specAdjust\"><span class=\"MMM--txt_bold\">Tipo de Uni\u00f3n<\/span><\/div>\n<\/td>\n<td>\n<div class=\"MMM--dat-cell dat-cell_specDefinition SNAPS-specAdjust SNAPS--SpecTbl-RowCols SNAPS--SpecTbl-Overflow\"><span class=\"MMM--txt_bold\">Ganchos Sujetadores<\/span><\/div>\n<\/td>\n<\/tr>\n<\/tbody>\n<\/table>\n<\/div>\n<\/div>\n","protected":false},"excerpt":{"rendered":"<ul class=\"MMM--pdpList SNAPS--bullets\">\n<li>Soporta abrasivos para un lijado manual consistente y efectivo<\/li>\n<li>Tiene peque\u00f1os orificios para usar con un sistema de aspiraci\u00f3n para limitar el polvo y la carga<\/li>\n<li>El sistema de fijaci\u00f3n 3M \u2122 Hookit \u2122 facilita el cambio de abrasivos<\/li>\n<li>Ayuda a reducir la fatiga de las manos y facilita el lijado de lugares dif\u00edciles<\/li>\n<li>Ofrece resultados de lijado m\u00e1s consistentes<\/li>\n<li>Si necesita terminar a mano un lugar estrecho, puede confiar en el bloque de lijado sin polvo Hookit \u2122 de 3M \u2122. Este bloque de respaldo le ayuda a obtener resultados consistentes mientras reduce la tensi\u00f3n en sus manos. Este bloque utiliza el sistema de fijaci\u00f3n Hookit \u2122 para facilitar los cambios de abrasivo y peque\u00f1os orificios para usar con un accesorio de aspiraci\u00f3n para reducir el polvo y la carga. Estos lo hacen ideal para lijar masilla, imprimaci\u00f3n y m\u00e1s.<\/li>\n<\/ul>\n","protected":false},"featured_media":3112,"comment_status":"open","ping_status":"closed","template":"","meta":{"site-sidebar-layout":"default","site-content-layout":"default","ast-main-header-display":"","ast-hfb-above-header-display":"","ast-hfb-below-header-display":"","ast-hfb-mobile-header-display":"","site-post-title":"","ast-breadcrumbs-content":"","ast-featured-img":"","footer-sml-layout":"","theme-transparent-header-meta":"","adv-header-id-meta":"","stick-header-meta":"","header-above-stick-meta":"","header-main-stick-meta":"","header-below-stick-meta":""},"product_cat":[56,58],"product_tag":[],"_links":{"self":[{"href":"https:\/\/galiano.cl\/index.php?rest_route=\/wp\/v2\/product\/3108"}],"collection":[{"href":"https:\/\/galiano.cl\/index.php?rest_route=\/wp\/v2\/product"}],"about":[{"href":"https:\/\/galiano.cl\/index.php?rest_route=\/wp\/v2\/types\/product"}],"replies":[{"embeddable":true,"href":"https:\/\/galiano.cl\/index.php?rest_route=%2Fwp%2Fv2%2Fcomments&post=3108"}],"version-history":[{"count":1,"href":"https:\/\/galiano.cl\/index.php?rest_route=\/wp\/v2\/product\/3108\/revisions"}],"predecessor-version":[{"id":3111,"href":"https:\/\/galiano.cl\/index.php?rest_route=\/wp\/v2\/product\/3108\/revisions\/3111"}],"wp:featuredmedia":[{"embeddable":true,"href":"https:\/\/galiano.cl\/index.php?rest_route=\/wp\/v2\/media\/3112"}],"wp:attachment":[{"href":"https:\/\/galiano.cl\/index.php?rest_route=%2Fwp%2Fv2%2Fmedia&parent=3108"}],"wp:term":[{"taxonomy":"product_cat","embeddable":true,"href":"https:\/\/galiano.cl\/index.php?rest_route=%2Fwp%2Fv2%2Fproduct_cat&post=3108"},{"taxonomy":"product_tag","embeddable":true,"href":"https:\/\/galiano.cl\/index.php?rest_route=%2Fwp%2Fv2%2Fproduct_tag&post=3108"}],"curies":[{"name":"wp","href":"https:\/\/api.w.org\/{rel}","templated":true}]}}