{"id":3104,"date":"2022-02-03T19:32:50","date_gmt":"2022-02-03T22:32:50","guid":{"rendered":"https:\/\/galiano.cl\/?post_type=product&#038;p=3104"},"modified":"2022-02-04T00:16:54","modified_gmt":"2022-02-04T03:16:54","slug":"scotch-brite-almohadilla-de-mano-de-uso-pesado-7440","status":"publish","type":"product","link":"https:\/\/galiano.cl\/?product=scotch-brite-almohadilla-de-mano-de-uso-pesado-7440","title":{"rendered":"Scotch-Brite\u2122 Almohadilla de Mano de Uso Pesado 7440"},"content":{"rendered":"<div class=\"MMM--hdg MMM--hdg_2 SNAPS--hdg_2 MMM--tabHeader\">Especificaciones<\/div>\n<div class=\"tabContentContainer MMM--contentToggle-target MMM--isActive\">\n<div class=\"productSpecs\">\n<table class=\"MMM--dat MMM--pdpTabVr SNAPS--SpecTbl-Mt15\">\n<tbody>\n<tr class=\"MMM--dat-row\">\n<td>\n<div class=\"MMM--dat-cell SNAPS-specAdjust\"><span class=\"MMM--txt_bold\">Ancho Total (M\u00e9trico)<\/span><\/div>\n<\/td>\n<td>\n<div class=\"MMM--dat-cell dat-cell_specDefinition SNAPS-specAdjust SNAPS--SpecTbl-RowCols SNAPS--SpecTbl-Overflow\"><span class=\"MMM--txt_bold\">15,24 cm<\/span><\/div>\n<\/td>\n<\/tr>\n<tr class=\"MMM--dat-row\">\n<td>\n<div class=\"MMM--dat-cell SNAPS-specAdjust\"><span class=\"MMM--txt_bold\">Aplicaciones<\/span><\/div>\n<\/td>\n<td>\n<div class=\"MMM--dat-cell dat-cell_specDefinition SNAPS-specAdjust SNAPS--SpecTbl-RowCols SNAPS--SpecTbl-Overflow\"><span class=\"MMM--txt_bold\">Desbarbado<\/span><span class=\"MMM--txt_bold\">, Acabados<\/span><span class=\"MMM--txt_bold\">, Preparaci\u00f3n de Superficies<\/span><\/div>\n<\/td>\n<\/tr>\n<tr class=\"MMM--dat-row\">\n<td>\n<div class=\"MMM--dat-cell SNAPS-specAdjust\"><span class=\"MMM--txt_bold\">Forma del Producto<\/span><\/div>\n<\/td>\n<td>\n<div class=\"MMM--dat-cell dat-cell_specDefinition SNAPS-specAdjust SNAPS--SpecTbl-RowCols SNAPS--SpecTbl-Overflow\"><span class=\"MMM--txt_bold\">Almohadilla para Mano<\/span><\/div>\n<\/td>\n<\/tr>\n<tr class=\"MMM--dat-row\">\n<td>\n<div class=\"MMM--dat-cell SNAPS-specAdjust\"><span class=\"MMM--txt_bold\">Grado<\/span><\/div>\n<\/td>\n<td>\n<div class=\"MMM--dat-cell dat-cell_specDefinition SNAPS-specAdjust SNAPS--SpecTbl-RowCols SNAPS--SpecTbl-Overflow\"><span class=\"MMM--txt_bold\">Mediano<\/span><\/div>\n<\/td>\n<\/tr>\n<tr class=\"MMM--dat-row\">\n<td>\n<div class=\"MMM--dat-cell SNAPS-specAdjust\"><span class=\"MMM--txt_bold\">Industrias<\/span><\/div>\n<\/td>\n<td>\n<div class=\"MMM--dat-cell dat-cell_specDefinition SNAPS-specAdjust SNAPS--SpecTbl-RowCols SNAPS--SpecTbl-Overflow\"><span class=\"MMM--txt_bold\">Mantenci\u00f3n &amp; Reparaci\u00f3n<\/span><span class=\"MMM--txt_bold\">, Manufactura<\/span><span class=\"MMM--txt_bold\">, Trabajos en metal<\/span><\/div>\n<\/td>\n<\/tr>\n<tr class=\"MMM--dat-row\">\n<td>\n<div class=\"MMM--dat-cell SNAPS-specAdjust\"><span class=\"MMM--txt_bold\">Longitud total (M\u00e9trica)<\/span><\/div>\n<\/td>\n<td>\n<div class=\"MMM--dat-cell dat-cell_specDefinition SNAPS-specAdjust SNAPS--SpecTbl-RowCols SNAPS--SpecTbl-Overflow\"><span class=\"MMM--txt_bold\">22,86 cm<\/span><\/div>\n<\/td>\n<\/tr>\n<tr class=\"MMM--dat-row\">\n<td>\n<div class=\"MMM--dat-cell SNAPS-specAdjust\"><span class=\"MMM--txt_bold\">Marca<\/span><\/div>\n<\/td>\n<td>\n<div class=\"MMM--dat-cell dat-cell_specDefinition SNAPS-specAdjust SNAPS--SpecTbl-RowCols SNAPS--SpecTbl-Overflow\"><span class=\"MMM--txt_bold\">Productos Scotch-Brite\u00ae<\/span><\/div>\n<\/td>\n<\/tr>\n<tr class=\"MMM--dat-row\">\n<td>\n<div class=\"MMM--dat-cell SNAPS-specAdjust\"><span class=\"MMM--txt_bold\">M\u00e9todo de Lijado<\/span><\/div>\n<\/td>\n<td>\n<div class=\"MMM--dat-cell dat-cell_specDefinition SNAPS-specAdjust SNAPS--SpecTbl-RowCols SNAPS--SpecTbl-Overflow\"><span class=\"MMM--txt_bold\">Mano<\/span><\/div>\n<\/td>\n<\/tr>\n<tr class=\"MMM--dat-row\">\n<td>\n<div class=\"MMM--dat-cell SNAPS-specAdjust\"><span class=\"MMM--txt_bold\">Tipo de Mineral<\/span><\/div>\n<\/td>\n<td>\n<div class=\"MMM--dat-cell dat-cell_specDefinition SNAPS-specAdjust SNAPS--SpecTbl-RowCols SNAPS--SpecTbl-Overflow\"><span class=\"MMM--txt_bold\">\u00d3xido de aluminio<\/span><\/div>\n<\/td>\n<\/tr>\n<\/tbody>\n<\/table>\n<\/div>\n<\/div>\n","protected":false},"excerpt":{"rendered":"<div class=\"MMM--hdg MMM--hdg_2 SNAPS--hdg_2 MMM--tabHeader\">Detalles<\/div>\n<div class=\"tabContentContainer MMM--contentToggle-target MMM--isActive\">\n<div class=\"MMM--contentPadded MMM--accordionPanel\">\n<div class=\"MMM--grids\">\n<div class=\"MMM--grids-col MMM--grids-col_pdpMain\">\n<ul class=\"MMM--pdpList SNAPS--bullets\">\n<li>Resistente a cargas<\/li>\n<li>Tiene un desempe\u00f1o similar a la lana de acero de grado 4 y no se astilla<\/li>\n<li>Corte r\u00e1pido<\/li>\n<li>Corta r\u00e1pidamente para eliminar los revestimientos y la corrosi\u00f3n en aplicaciones exigentes de limpieza y acabado<\/li>\n<li>Mejor para aplicaciones demandantes<\/li>\n<\/ul>\n<p class=\"SNAPS--pdpTabDes\">La Almohadilla de Mano para Trabajo Pesado 7440 de Scotch-Brite\u2122 es nuestra almohadilla de mano m\u00e1s agresiva y duradera. Su construcci\u00f3n s\u00faper densa la convierte en una excelente opci\u00f3n para sus aplicaciones m\u00e1s pesadas de limpieza, desbarbado y acabado.<\/p>\n<\/div>\n<\/div>\n<\/div>\n<\/div>\n","protected":false},"featured_media":3105,"comment_status":"open","ping_status":"closed","template":"","meta":{"site-sidebar-layout":"default","site-content-layout":"default","ast-main-header-display":"","ast-hfb-above-header-display":"","ast-hfb-below-header-display":"","ast-hfb-mobile-header-display":"","site-post-title":"","ast-breadcrumbs-content":"","ast-featured-img":"","footer-sml-layout":"","theme-transparent-header-meta":"","adv-header-id-meta":"","stick-header-meta":"","header-above-stick-meta":"","header-main-stick-meta":"","header-below-stick-meta":""},"product_cat":[56,57],"product_tag":[],"_links":{"self":[{"href":"https:\/\/galiano.cl\/index.php?rest_route=\/wp\/v2\/product\/3104"}],"collection":[{"href":"https:\/\/galiano.cl\/index.php?rest_route=\/wp\/v2\/product"}],"about":[{"href":"https:\/\/galiano.cl\/index.php?rest_route=\/wp\/v2\/types\/product"}],"replies":[{"embeddable":true,"href":"https:\/\/galiano.cl\/index.php?rest_route=%2Fwp%2Fv2%2Fcomments&post=3104"}],"version-history":[{"count":1,"href":"https:\/\/galiano.cl\/index.php?rest_route=\/wp\/v2\/product\/3104\/revisions"}],"predecessor-version":[{"id":3106,"href":"https:\/\/galiano.cl\/index.php?rest_route=\/wp\/v2\/product\/3104\/revisions\/3106"}],"wp:featuredmedia":[{"embeddable":true,"href":"https:\/\/galiano.cl\/index.php?rest_route=\/wp\/v2\/media\/3105"}],"wp:attachment":[{"href":"https:\/\/galiano.cl\/index.php?rest_route=%2Fwp%2Fv2%2Fmedia&parent=3104"}],"wp:term":[{"taxonomy":"product_cat","embeddable":true,"href":"https:\/\/galiano.cl\/index.php?rest_route=%2Fwp%2Fv2%2Fproduct_cat&post=3104"},{"taxonomy":"product_tag","embeddable":true,"href":"https:\/\/galiano.cl\/index.php?rest_route=%2Fwp%2Fv2%2Fproduct_tag&post=3104"}],"curies":[{"name":"wp","href":"https:\/\/api.w.org\/{rel}","templated":true}]}}